{"id":21,"date":"2016-10-27T11:27:14","date_gmt":"2016-10-27T09:27:14","guid":{"rendered":"http:\/\/cstalloires.com\/?page_id=21"},"modified":"2025-09-12T11:12:14","modified_gmt":"2025-09-12T09:12:14","slug":"21-2","status":"publish","type":"page","link":"https:\/\/cstalloires.com\/","title":{"rendered":"Le Club des Sports de Talloires"},"content":{"rendered":"\n<p>\u00a0<\/p>\n<table style=\"width: 100%; border-collapse: collapse;\">\n<tbody>\n<tr>\n<td style=\"width: 40.4023%; vertical-align: top;\">\n<h1 style=\"text-align: center;\"><a href=\"http:\/\/cstalloires.com\/?page_id=7719\">R\u00e9sultats et photos 2025<\/a><\/h1>\n<div class=\"html-div xdj266r x14z9mp xat24cr x1lziwak xexx8yu xyri2b x18d9i69 x1c1uobl\">\n<div class=\"html-div xdj266r x14z9mp xat24cr x1lziwak xexx8yu xyri2b x18d9i69 x1c1uobl\" dir=\"auto\">\n<div class=\"html-div xdj266r x14z9mp xat24cr x1lziwak xexx8yu xyri2b x18d9i69 x1c1uobl\" data-ad-rendering-role=\"story_message\">\n<div id=\"_R_5anaql6ld5bb6in5klilipamH2_\" class=\"x1l90r2v x1iorvi4 x1g0dm76 xpdmqnj\" data-ad-comet-preview=\"message\" data-ad-preview=\"message\">\n<div class=\"x78zum5 xdt5ytf xz62fqu x16ldp7u\">\n<div class=\"xu06os2 x1ok221b\">\n<div class=\"html-div xdj266r x14z9mp xat24cr x1lziwak xexx8yu xyri2b x18d9i69 x1c1uobl\">\n<div class=\"xdj266r x14z9mp xat24cr x1lziwak x1vvkbs x126k92a\">\n<div dir=\"auto\" style=\"text-align: center;\"><a style=\"font-size: revert; font-weight: revert; font-family: inherit;\" href=\"http:\/\/cstalloires.com\/?page_id=7302\">Info.<\/a><\/div>\n<\/div>\n<\/div>\n<\/div>\n<\/div>\n<\/div>\n<\/div>\n<\/div>\n<\/div>\n<h3 style=\"text-align: center;\"><a href=\"http:\/\/cstalloires.com\/?page_id=7302\"><img loading=\"lazy\" class=\"aligncenter wp-image-26 size-medium\" title=\"Toutes les informations sur la Manifestation\" src=\"http:\/\/cstalloires.com\/wp-content\/uploads\/2016\/10\/logotournette-300x232.png\" alt=\"\" width=\"300\" height=\"232\" srcset=\"https:\/\/cstalloires.com\/wp-content\/uploads\/2016\/10\/logotournette-300x232.png 300w, https:\/\/cstalloires.com\/wp-content\/uploads\/2016\/10\/logotournette.png 576w\" sizes=\"(max-width: 300px) 100vw, 300px\" \/><\/a><\/h3>\n<\/td>\n<td style=\"width: 37.9884%; vertical-align: top;\">\n<h3 class=\"widget-title\" style=\"text-align: center;\"><strong>Talloires \u00d4 F\u00e9minin<\/strong><\/h3>\n<h3 style=\"text-align: center;\"><span style=\"color: #339966;\">L&rsquo;\u00e9preuve ne sera pas<\/span><br \/><span style=\"color: #339966;\">organis\u00e9e en 2025<\/span><\/h3>\n<h3 style=\"text-align: center;\"><br \/><a href=\"http:\/\/cstalloires.com\/?page_id=206\">Info.<img loading=\"lazy\" class=\"wp-image-1074 size-medium aligncenter\" title=\"Toutes les informations sur l'\u00e9preuve\" src=\"http:\/\/cstalloires.com\/wp-content\/uploads\/2017\/06\/staf-pret-300x225.jpg\" alt=\"\" width=\"300\" height=\"225\" \/><\/a><\/h3>\n<p>\u00a0<\/p>\n<\/td>\n<\/tr>\n<\/tbody>\n<\/table>\n\n\n\n<div id=\"pl-21\" class=\"panel-layout\">\n<div id=\"pg-21-0\" class=\"panel-grid panel-no-style\" data-style=\"{&quot;background_image_attachment&quot;:false,&quot;background_display&quot;:&quot;tile&quot;,&quot;cell_alignment&quot;:&quot;flex-start&quot;}\">\n<div id=\"pgc-21-0-0\" class=\"panel-grid-cell\" data-weight=\"0.37006013745704\">\n<div id=\"panel-21-0-0-0\" class=\"so-panel widget widget_sow-editor panel-first-child panel-last-child\" data-index=\"0\" data-style=\"{&quot;padding&quot;:&quot;2cm 2cm 2cm 2cm&quot;,&quot;background_image_attachment&quot;:false,&quot;background_display&quot;:&quot;tile&quot;}\">\n<div class=\"panel-widget-style panel-widget-style-for-21-0-0-0\">\n<div class=\"so-widget-sow-editor so-widget-sow-editor-base\">\n<h3 class=\"widget-title\" style=\"text-align: center;\">\u00a0<\/h3>\n<div class=\"siteorigin-widget-tinymce textwidget\">\n<p style=\"text-align: center;\"><span style=\"font-size: 24px;\"><b>\u00a0\u00a0<\/b><\/span><\/p>\n<p>\u00a0<\/p>\n<\/div>\n<\/div>\n<\/div>\n<\/div>\n<\/div>\n<div id=\"pgc-21-0-1\" class=\"panel-grid-cell\" data-weight=\"0.37006013745704\">\n<div id=\"panel-21-0-1-0\" class=\"so-panel widget widget_sow-editor panel-first-child panel-last-child\" data-index=\"1\" data-style=\"{&quot;padding&quot;:&quot;2cm 2cm 2cm 2cm&quot;,&quot;background_image_attachment&quot;:false,&quot;background_display&quot;:&quot;tile&quot;}\">\n<div class=\"panel-widget-style panel-widget-style-for-21-0-1-0\">\n<div class=\"so-widget-sow-editor so-widget-sow-editor-base\">\n<h3 class=\"widget-title\" style=\"text-align: center;\">\u00a0<\/h3>\n<div class=\"siteorigin-widget-tinymce textwidget\">\n<h5 style=\"text-align: center;\">\u00a0<\/h5>\n<p style=\"text-align: center;\">\u00a0<\/p>\n<p style=\"text-align: center;\"><a href=\"http:\/\/cstalloires.com\/?page_id=206\">\u00a0<\/a><\/p>\n<\/div>\n<\/div>\n<\/div>\n<\/div>\n<\/div>\n<div id=\"pgc-21-0-2\" class=\"panel-grid-cell\" data-style=\"{&quot;background_image_attachment&quot;:false,&quot;background_display&quot;:&quot;tile&quot;,&quot;vertical_alignment&quot;:&quot;auto&quot;}\" data-weight=\"0.25987972508591\">\n<div id=\"panel-21-0-2-0\" class=\"so-panel widget widget_sow-editor panel-first-child panel-last-child\" data-index=\"2\" data-style=\"{&quot;padding&quot;:&quot;2cm 2cm 2cm 2cm&quot;,&quot;background_image_attachment&quot;:false,&quot;background_display&quot;:&quot;tile&quot;}\">\n<div class=\"panel-widget-style panel-widget-style-for-21-0-2-0\">\n<div class=\"so-widget-sow-editor so-widget-sow-editor-base\">\n<div class=\"siteorigin-widget-tinymce textwidget\">\n<p style=\"text-align: left;\">\u00a0<\/p>\n<\/div>\n<\/div>\n<\/div>\n<\/div>\n<\/div>\n<\/div>\n<div id=\"pg-21-1\" class=\"panel-grid panel-no-style\" data-style=\"{&quot;background_display&quot;:&quot;tile&quot;,&quot;cell_alignment&quot;:&quot;flex-start&quot;}\">\n<div id=\"pgc-21-1-0\" class=\"panel-grid-cell\" data-weight=\"1\">\n<div id=\"panel-21-1-0-0\" class=\"so-panel widget widget_sow-editor panel-first-child panel-last-child\" data-index=\"3\" data-style=\"{&quot;padding&quot;:&quot;0% 0% 0% 20%&quot;,&quot;background_display&quot;:&quot;tile&quot;}\">\n<div class=\"panel-widget-style panel-widget-style-for-21-1-0-0\">\n<div class=\"so-widget-sow-editor so-widget-sow-editor-base\">\n<div class=\"siteorigin-widget-tinymce textwidget\"><strong>Une \u00e9quipe \u00e0 votre service<\/strong><br \/>\n<div style=\"width: 640px;\" class=\"wp-video\"><!--[if lt IE 9]><script>document.createElement('video');<\/script><![endif]-->\n<video class=\"wp-video-shortcode\" id=\"video-21-1\" width=\"640\" height=\"480\" poster=\"http:\/\/cstalloires.com\/wp-content\/uploads\/2016\/10\/IMG_6102-001.jpg\" preload=\"metadata\" controls=\"controls\"><source type=\"video\/mp4\" src=\"http:\/\/cstalloires.com\/wp-content\/uploads\/2017\/01\/equipe2.mp4?_=1\" \/><a href=\"http:\/\/cstalloires.com\/wp-content\/uploads\/2017\/01\/equipe2.mp4\">http:\/\/cstalloires.com\/wp-content\/uploads\/2017\/01\/equipe2.mp4<\/a><\/video><\/div>\n<p>\u00a0<\/p>\n<\/div>\n<\/div>\n<\/div>\n<\/div>\n<\/div>\n<\/div>\n<div id=\"pg-21-2\" class=\"panel-grid panel-no-style\" data-style=\"{&quot;background_display&quot;:&quot;tile&quot;,&quot;cell_alignment&quot;:&quot;flex-start&quot;}\">\n<div id=\"pgc-21-2-0\" class=\"panel-grid-cell\" data-weight=\"1\">\n<div id=\"panel-21-2-0-0\" class=\"so-panel widget widget_sow-editor panel-first-child panel-last-child\" data-index=\"4\" data-style=\"{&quot;padding&quot;:&quot;0% 0% 0% 20%&quot;,&quot;background_image_attachment&quot;:false,&quot;background_display&quot;:&quot;tile&quot;}\">\n<div class=\"panel-widget-style panel-widget-style-for-21-2-0-0\">\n<div class=\"so-widget-sow-editor so-widget-sow-editor-base\">\n<div class=\"siteorigin-widget-tinymce textwidget\">\n<p><a href=\"https:\/\/www.hautesavoie.fr\/\" target=\"_blank\" rel=\"noopener noreferrer\"><img loading=\"lazy\" class=\"alignnone wp-image-3620 size-medium\" src=\"http:\/\/cstalloires.com\/wp-content\/uploads\/2018\/07\/Dep74-_logo_blanc_croix_blanche_rouge-300x200.png\" alt=\"Site du Conseil D\u00e9partemental\" width=\"300\" height=\"200\" srcset=\"https:\/\/cstalloires.com\/wp-content\/uploads\/2018\/07\/Dep74-_logo_blanc_croix_blanche_rouge-300x200.png 300w, https:\/\/cstalloires.com\/wp-content\/uploads\/2018\/07\/Dep74-_logo_blanc_croix_blanche_rouge-768x512.png 768w, https:\/\/cstalloires.com\/wp-content\/uploads\/2018\/07\/Dep74-_logo_blanc_croix_blanche_rouge-1024x683.png 1024w, https:\/\/cstalloires.com\/wp-content\/uploads\/2018\/07\/Dep74-_logo_blanc_croix_blanche_rouge-600x400.png 600w, https:\/\/cstalloires.com\/wp-content\/uploads\/2018\/07\/Dep74-_logo_blanc_croix_blanche_rouge-272x182.png 272w, https:\/\/cstalloires.com\/wp-content\/uploads\/2018\/07\/Dep74-_logo_blanc_croix_blanche_rouge.png 1063w\" sizes=\"(max-width: 300px) 100vw, 300px\" \/>\u00a0\u00a0<\/a><\/p>\n<p><strong>Le Club des Sports de Talloires est aid\u00e9 par le Conseil D\u00e9partemental de la Haute-Savoie<\/strong><\/p>\n<\/div>\n<\/div>\n<\/div>\n<\/div>\n<\/div>\n<\/div>\n<\/div>\n<p>\u00a0<\/p>\n\n\n\n<p><\/p>\n","protected":false},"excerpt":{"rendered":"<p>\u00a0 R\u00e9sultats et photos 2025 Info. Talloires \u00d4 F\u00e9minin L&rsquo;\u00e9preuve ne sera pasorganis\u00e9e en 2025 Info. \u00a0 \u00a0 \u00a0\u00a0 \u00a0 \u00a0 \u00a0 \u00a0 \u00a0 \u00a0 Une \u00e9quipe \u00e0 votre service [&hellip;]<\/p>\n","protected":false},"author":1,"featured_media":4844,"parent":0,"menu_order":0,"comment_status":"closed","ping_status":"closed","template":"page-fullwidth.php","meta":[],"acf":[],"_links":{"self":[{"href":"https:\/\/cstalloires.com\/index.php?rest_route=\/wp\/v2\/pages\/21"}],"collection":[{"href":"https:\/\/cstalloires.com\/index.php?rest_route=\/wp\/v2\/pages"}],"about":[{"href":"https:\/\/cstalloires.com\/index.php?rest_route=\/wp\/v2\/types\/page"}],"author":[{"embeddable":true,"href":"https:\/\/cstalloires.com\/index.php?rest_route=\/wp\/v2\/users\/1"}],"replies":[{"embeddable":true,"href":"https:\/\/cstalloires.com\/index.php?rest_route=%2Fwp%2Fv2%2Fcomments&post=21"}],"version-history":[{"count":628,"href":"https:\/\/cstalloires.com\/index.php?rest_route=\/wp\/v2\/pages\/21\/revisions"}],"predecessor-version":[{"id":8051,"href":"https:\/\/cstalloires.com\/index.php?rest_route=\/wp\/v2\/pages\/21\/revisions\/8051"}],"wp:featuredmedia":[{"embeddable":true,"href":"https:\/\/cstalloires.com\/index.php?rest_route=\/wp\/v2\/media\/4844"}],"wp:attachment":[{"href":"https:\/\/cstalloires.com\/index.php?rest_route=%2Fwp%2Fv2%2Fmedia&parent=21"}],"curies":[{"name":"wp","href":"https:\/\/api.w.org\/{rel}","templated":true}]}}