{"id":206,"date":"2016-10-31T19:07:25","date_gmt":"2016-10-31T18:07:25","guid":{"rendered":"http:\/\/cstalloires.com\/?page_id=206"},"modified":"2022-09-19T10:00:13","modified_gmt":"2022-09-19T08:00:13","slug":"talloires-o-feminin","status":"publish","type":"page","link":"https:\/\/cstalloires.com\/?page_id=206","title":{"rendered":"Talloires \u00d4 F\u00e9minin"},"content":{"rendered":"<div id=\"pl-206\"  class=\"panel-layout\" ><div id=\"pg-206-0\"  class=\"panel-grid panel-no-style\" ><div id=\"pgc-206-0-0\"  class=\"panel-grid-cell panel-grid-cell-empty\" ><\/div><div id=\"pgc-206-0-1\"  class=\"panel-grid-cell\" ><div id=\"panel-206-0-1-0\" class=\"so-panel widget widget_sow-editor panel-first-child panel-last-child\" data-index=\"0\" ><div\n\t\t\t\n\t\t\tclass=\"so-widget-sow-editor so-widget-sow-editor-base\"\n\t\t\t\n\t\t><h3 class=\"widget-title\">T\u00d4F Classique le 18 septembre \u00e0 9h, plage de Talloires<\/h3>\n<div class=\"siteorigin-widget-tinymce textwidget\">\n\t<ul>\n<li style=\"text-align: left;\"><span style=\"font-size: 12pt;\"><strong><span style=\"color: #ff0000;\">10 300 m<\/span> au total<\/strong><\/span><\/li>\n<li style=\"text-align: left;\"><span style=\"font-size: 10pt;\"><span style=\"color: #3366ff;\"><strong>2 260 m<\/strong><\/span> de nage en <strong>7<\/strong> <strong>sections<\/strong><\/span><br \/>\n<span style=\"font-size: 10pt;\">maxi 430 m<\/span><\/li>\n<li style=\"text-align: left;\"><span style=\"font-size: 10pt;\"><span style=\"color: #008000;\"><strong>8 040 <\/strong>m<\/span> \u00a0de course en <strong>8<\/strong> <strong>sections<\/strong><\/span><br \/>\n<span style=\"font-size: 10pt;\">\u00a0maxi 2 400 m<\/span><\/li>\n<li><span style=\"font-size: 10pt;\">Temps limite : <span style=\"color: #ff0000;\">3h<\/span><\/span><\/li>\n<li><span style=\"font-size: 10pt;\">D\u00e9part \u00e0 <strong><span style=\"color: #ff0000;\">9h<\/span><\/strong><\/span><\/li>\n<li><span style=\"font-size: 10pt;\">Retrait des dossards \u00e0\u00a0<span style=\"color: #ff0000;\">8h15 \u00e0 8h45<\/span><\/span><\/li>\n<\/ul>\n<p style=\"text-align: left;\"><span style=\"font-size: 10pt;\">Limit\u00e9 \u00e0 <strong>100<\/strong> \u00e9quipes<\/span><br \/>\n<span style=\"font-size: 10pt;\"><strong>7 cat\u00e9gories :<\/strong><\/span><\/p>\n<ul>\n<li style=\"text-align: left;\"><span style=\"font-size: 10pt;\"><strong>\u00e9quipe f\u00e9minine (plus de 18 ans)<\/strong><\/span><\/li>\n<li><strong><span style=\"font-size: 10pt;\">\u00e9quipe mixte (plus de 18 ans)<\/span><\/strong><\/li>\n<li><strong><span style=\"font-size: 10pt;\">\u00e9quipe junior f\u00e9minine : 2 femmes n\u00e9es entre le 1\/1\/2003 et le 31\/12\/2005 (plus de 16 ans et moins de 18 ans)<\/span><\/strong><\/li>\n<li><strong><span style=\"font-size: 10pt;\">\u00e9quipe junior mixte : 1 femme et un homme n\u00e9s entre le 1\/1\/2003 et le 31\/12\/2005 (plus de 16 ans et moins de 18 ans)<\/span><\/strong><\/li>\n<li><strong><span style=\"font-size: 10pt;\">individuelle femme (plus de 18 ans)<\/span><\/strong><\/li>\n<li><span style=\"font-size: 10pt;\"><strong>\u00e9quipe homme<\/strong><\/span><\/li>\n<li><strong><span style=\"font-size: 10pt;\">individuelle homme<\/span><\/strong><\/li>\n<\/ul>\n<p>Tarif \/ \u00e9quipe : <strong><span style=\"color: #ff0000;\">50 \u20ac\u00a0 <\/span><\/strong><span style=\"color: #000000;\">- individuel : <span style=\"color: #ff0000;\"><strong>25 \u20ac<\/strong><\/span><\/span><\/p>\n<p><strong><span style=\"color: #ff0000;\"><span style=\"color: #000000;\">( <span style=\"color: #ff0000;\">20\u20ac<\/span> par \u00e9quipe junior)<\/span><\/span><\/strong><\/p>\n<\/div>\n<\/div><\/div><\/div><div id=\"pgc-206-0-2\"  class=\"panel-grid-cell panel-grid-cell-empty\" ><\/div><div id=\"pgc-206-0-3\"  class=\"panel-grid-cell\" ><div id=\"panel-206-0-3-0\" class=\"so-panel widget widget_sow-editor panel-first-child panel-last-child\" data-index=\"1\" ><div\n\t\t\t\n\t\t\tclass=\"so-widget-sow-editor so-widget-sow-editor-base\"\n\t\t\t\n\t\t>\n<div class=\"siteorigin-widget-tinymce textwidget\">\n\t<ul>\n<li><span style=\"font-size: 10pt;\"><a href=\"http:\/\/cstalloires.com\/?page_id=1069\">R\u00e8glement<\/a><\/span><\/li>\n<\/ul>\n<h2>Historique<\/h2>\n<ul>\n<li><a href=\"http:\/\/cstalloires.com\/?page_id=6603\">Edition 2022<\/a><\/li>\n<li><a href=\"http:\/\/cstalloires.com\/?page_id=6139\">Edition 2021<\/a><\/li>\n<li><a href=\"http:\/\/cstalloires.com\/?page_id=5725\">Edition 2020<\/a><\/li>\n<li><a href=\"http:\/\/cstalloires.com\/?page_id=5239\">Edition 2019<\/a><\/li>\n<li><a href=\"http:\/\/cstalloires.com\/?page_id=4478\">Edition 2018<\/a><\/li>\n<li><a href=\"http:\/\/cstalloires.com\/?page_id=2475\">Edition 2017<\/a><\/li>\n<li><a href=\"http:\/\/cstalloires.com\/?page_id=318\">Edition 2016<\/a><\/li>\n<li><a href=\"http:\/\/cstalloires.com\/?page_id=335\">Edition 2015<\/a><\/li>\n<\/ul>\n<\/div>\n<\/div><\/div><\/div><\/div><div id=\"pg-206-1\"  class=\"panel-grid panel-no-style\" ><div id=\"pgc-206-1-0\"  class=\"panel-grid-cell panel-grid-cell-empty\" ><\/div><div id=\"pgc-206-1-1\"  class=\"panel-grid-cell\" ><div id=\"panel-206-1-1-0\" class=\"so-panel widget widget_sow-editor panel-first-child panel-last-child\" data-index=\"2\" ><div\n\t\t\t\n\t\t\tclass=\"so-widget-sow-editor so-widget-sow-editor-base\"\n\t\t\t\n\t\t><h3 class=\"widget-title\">Parcours inchang\u00e9 depuis 2020<\/h3>\n<div class=\"siteorigin-widget-tinymce textwidget\">\n\t<p><a href=\"http:\/\/cstalloires.com\/wp-content\/uploads\/2020\/06\/PARCOURS_TOF_2020-scaled.jpg\"><img loading=\"lazy\" class=\"alignnone wp-image-5306 size-large\" src=\"http:\/\/cstalloires.com\/wp-content\/uploads\/2020\/06\/PARCOURS_TOF_2020-812x1024.jpg\" alt=\"\" width=\"640\" height=\"807\" srcset=\"https:\/\/cstalloires.com\/wp-content\/uploads\/2020\/06\/PARCOURS_TOF_2020-812x1024.jpg 812w, https:\/\/cstalloires.com\/wp-content\/uploads\/2020\/06\/PARCOURS_TOF_2020-238x300.jpg 238w, https:\/\/cstalloires.com\/wp-content\/uploads\/2020\/06\/PARCOURS_TOF_2020-768x968.jpg 768w, https:\/\/cstalloires.com\/wp-content\/uploads\/2020\/06\/PARCOURS_TOF_2020-1218x1536.jpg 1218w, https:\/\/cstalloires.com\/wp-content\/uploads\/2020\/06\/PARCOURS_TOF_2020-1625x2048.jpg 1625w, https:\/\/cstalloires.com\/wp-content\/uploads\/2020\/06\/PARCOURS_TOF_2020-scaled.jpg 2031w\" sizes=\"(max-width: 640px) 100vw, 640px\" \/><\/a><\/p>\n<\/div>\n<\/div><\/div><\/div><div id=\"pgc-206-1-2\"  class=\"panel-grid-cell panel-grid-cell-empty panel-grid-cell-mobile-last\" ><\/div><div id=\"pgc-206-1-3\"  class=\"panel-grid-cell panel-grid-cell-empty\" ><\/div><\/div><div id=\"pg-206-2\"  class=\"panel-grid panel-no-style\" ><div id=\"pgc-206-2-0\"  class=\"panel-grid-cell panel-grid-cell-empty\" ><\/div><\/div><\/div>","protected":false},"excerpt":{"rendered":"<p>10 300 m au total 2 260 m de nage en 7 sections maxi 430 m 8 040 m \u00a0de course en 8 sections \u00a0maxi 2 400 m Temps limite [&hellip;]<\/p>\n","protected":false},"author":1,"featured_media":1144,"parent":21,"menu_order":0,"comment_status":"closed","ping_status":"closed","template":"page-fullwidth.php","meta":[],"acf":[],"_links":{"self":[{"href":"https:\/\/cstalloires.com\/index.php?rest_route=\/wp\/v2\/pages\/206"}],"collection":[{"href":"https:\/\/cstalloires.com\/index.php?rest_route=\/wp\/v2\/pages"}],"about":[{"href":"https:\/\/cstalloires.com\/index.php?rest_route=\/wp\/v2\/types\/page"}],"author":[{"embeddable":true,"href":"https:\/\/cstalloires.com\/index.php?rest_route=\/wp\/v2\/users\/1"}],"replies":[{"embeddable":true,"href":"https:\/\/cstalloires.com\/index.php?rest_route=%2Fwp%2Fv2%2Fcomments&post=206"}],"version-history":[{"count":272,"href":"https:\/\/cstalloires.com\/index.php?rest_route=\/wp\/v2\/pages\/206\/revisions"}],"predecessor-version":[{"id":6633,"href":"https:\/\/cstalloires.com\/index.php?rest_route=\/wp\/v2\/pages\/206\/revisions\/6633"}],"up":[{"embeddable":true,"href":"https:\/\/cstalloires.com\/index.php?rest_route=\/wp\/v2\/pages\/21"}],"wp:featuredmedia":[{"embeddable":true,"href":"https:\/\/cstalloires.com\/index.php?rest_route=\/wp\/v2\/media\/1144"}],"wp:attachment":[{"href":"https:\/\/cstalloires.com\/index.php?rest_route=%2Fwp%2Fv2%2Fmedia&parent=206"}],"curies":[{"name":"wp","href":"https:\/\/api.w.org\/{rel}","templated":true}]}}