{"id":1027,"date":"2017-06-27T09:07:51","date_gmt":"2017-06-27T07:07:51","guid":{"rendered":"http:\/\/cstalloires.com\/?page_id=1027"},"modified":"2017-06-28T12:11:52","modified_gmt":"2017-06-28T10:11:52","slug":"les-parcours","status":"publish","type":"page","link":"https:\/\/cstalloires.com\/?page_id=1027","title":{"rendered":"Les parcours"},"content":{"rendered":"<p>T\u00d4F D\u00e9couverte &#8211; compos\u00e9 de 3 boucles &#8211; Run : 6000m &#8211; Nage : 640m &#8211; D+ : 150m<br \/>\n<style type=\"text\/css\">\n#foogallery-gallery-1043.fg-justified .fg-item { margin-right: 1px; margin-bottom: 1px; }\n#foogallery-gallery-1043.fg-justified .fg-image { height: 150px; }<\/style>\n\t\t\t<div class=\"foogallery foogallery-container foogallery-justified foogallery-lightbox-foobox-free fg-justified fg-ready fg-light fg-loading-default fg-loaded-fade-in fg-hover-fade\" id=\"foogallery-gallery-1043\" data-foogallery=\"{&quot;item&quot;:{&quot;showCaptionTitle&quot;:true,&quot;showCaptionDescription&quot;:true},&quot;lazy&quot;:true,&quot;template&quot;:{&quot;rowHeight&quot;:150,&quot;maxRowHeight&quot;:300,&quot;margins&quot;:1,&quot;align&quot;:&quot;center&quot;,&quot;lastRow&quot;:&quot;smart&quot;}}\" style=\"--fg-title-line-clamp: 0; --fg-description-line-clamp: 0;\" >\n\t<div class=\"fg-item fg-type-iframe fg-idle\"><figure class=\"fg-item-inner\"><a href=\"https:\/\/drive.google.com\/open?id=1Lbgc0Xf5blmZtNpOZXVUIK2tfJg&amp;usp=sharing\" target=\"_blank\" data-caption-title=\"1 - Boucle village\" data-attachment-id=\"1030\" data-type=\"iframe\" class=\"fg-thumb\"><span class=\"fg-image-wrap\"><img title=\"1 - Boucle village\" height=\"300\" width=\"285\" class=\"skip-lazy fg-image\" data-src-fg=\"https:\/\/cstalloires.com\/wp-content\/uploads\/cache\/2017\/06\/1-Tous-parcours-Village-e1498655615729\/1553393049.jpg\" src=\"data:image\/svg+xml,%3Csvg%20xmlns%3D%22http%3A%2F%2Fwww.w3.org%2F2000%2Fsvg%22%20width%3D%22285%22%20height%3D%22300%22%20viewBox%3D%220%200%20285%20300%22%3E%3C%2Fsvg%3E\" loading=\"eager\"><\/span><span class=\"fg-image-overlay\"><\/span><\/a><figcaption class=\"fg-caption\"><div class=\"fg-caption-inner\"><div class=\"fg-caption-title\">1 - Boucle village<\/div><\/div><\/figcaption><\/figure><div class=\"fg-loader\"><\/div><\/div><div class=\"fg-item fg-type-iframe fg-idle\"><figure class=\"fg-item-inner\"><a href=\"https:\/\/drive.google.com\/open?id=18KI-200KVFLlzI6tZUXtIZ99rkc&amp;usp=sharing\" target=\"_blank\" data-caption-title=\"2 - Boucle Roc de Ch\u00e8re\" data-attachment-id=\"1033\" data-type=\"iframe\" class=\"fg-thumb\"><span class=\"fg-image-wrap\"><img title=\"2 - Boucle Roc de Ch\u00e8re\" height=\"300\" width=\"258\" class=\"skip-lazy fg-image\" data-src-fg=\"https:\/\/cstalloires.com\/wp-content\/uploads\/cache\/2017\/06\/2-D\u00e9couverte-Roc-de-Ch\u00e8re-e1498655554700\/1971769876.jpg\" src=\"data:image\/svg+xml,%3Csvg%20xmlns%3D%22http%3A%2F%2Fwww.w3.org%2F2000%2Fsvg%22%20width%3D%22258%22%20height%3D%22300%22%20viewBox%3D%220%200%20258%20300%22%3E%3C%2Fsvg%3E\" loading=\"eager\"><\/span><span class=\"fg-image-overlay\"><\/span><\/a><figcaption class=\"fg-caption\"><div class=\"fg-caption-inner\"><div class=\"fg-caption-title\">2 - Boucle Roc de Ch\u00e8re<\/div><\/div><\/figcaption><\/figure><div class=\"fg-loader\"><\/div><\/div><div class=\"fg-item fg-type-iframe fg-idle\"><figure class=\"fg-item-inner\"><a href=\"https:\/\/drive.google.com\/open?id=1YeTpPdg6ooIfVKKm4H6gSC_iPuM&amp;usp=sharing\" target=\"_blank\" data-caption-title=\"3 - Boucle Angon\" data-attachment-id=\"1044\" data-type=\"iframe\" class=\"fg-thumb\"><span class=\"fg-image-wrap\"><img title=\"3 - Boucle Angon\" height=\"300\" width=\"308\" class=\"skip-lazy fg-image\" data-src-fg=\"https:\/\/cstalloires.com\/wp-content\/uploads\/cache\/2017\/06\/3-D\u00e9couverte-Angon-e1498655486345\/-46224795.jpg\" src=\"data:image\/svg+xml,%3Csvg%20xmlns%3D%22http%3A%2F%2Fwww.w3.org%2F2000%2Fsvg%22%20width%3D%22308%22%20height%3D%22300%22%20viewBox%3D%220%200%20308%20300%22%3E%3C%2Fsvg%3E\" loading=\"eager\"><\/span><span class=\"fg-image-overlay\"><\/span><\/a><figcaption class=\"fg-caption\"><div class=\"fg-caption-inner\"><div class=\"fg-caption-title\">3 - Boucle Angon<\/div><\/div><\/figcaption><\/figure><div class=\"fg-loader\"><\/div><\/div><\/div>\n<\/p>\n<p>T\u00d4F Classique &#8211; compos\u00e9 de 3 boucles &#8211; Run : 11000m &#8211; Nage : 1200m &#8211; D+ : 350m<br \/>\n<style type=\"text\/css\">\n#foogallery-gallery-1040.fg-justified .fg-item { margin-right: 1px; margin-bottom: 1px; }\n#foogallery-gallery-1040.fg-justified .fg-image { height: 150px; }<\/style>\n\t\t\t<div class=\"foogallery foogallery-container foogallery-justified foogallery-lightbox-foobox-free fg-justified fg-ready fg-light fg-loading-default fg-loaded-fade-in fg-hover-fade\" id=\"foogallery-gallery-1040\" data-foogallery=\"{&quot;item&quot;:{&quot;showCaptionTitle&quot;:true,&quot;showCaptionDescription&quot;:true},&quot;lazy&quot;:true,&quot;template&quot;:{&quot;rowHeight&quot;:150,&quot;maxRowHeight&quot;:300,&quot;margins&quot;:1,&quot;align&quot;:&quot;center&quot;,&quot;lastRow&quot;:&quot;smart&quot;}}\" style=\"--fg-title-line-clamp: 0; --fg-description-line-clamp: 0;\" >\n\t<div class=\"fg-item fg-type-iframe fg-idle\"><figure class=\"fg-item-inner\"><a href=\"https:\/\/drive.google.com\/open?id=1Lbgc0Xf5blmZtNpOZXVUIK2tfJg&amp;usp=sharing\" target=\"_blank\" data-caption-title=\"1 - Boucle village\" data-attachment-id=\"1030\" data-type=\"iframe\" class=\"fg-thumb\"><span class=\"fg-image-wrap\"><img title=\"1 - Boucle village\" height=\"300\" width=\"285\" class=\"skip-lazy fg-image\" data-src-fg=\"https:\/\/cstalloires.com\/wp-content\/uploads\/cache\/2017\/06\/1-Tous-parcours-Village-e1498655615729\/1874806749.jpg\" src=\"data:image\/svg+xml,%3Csvg%20xmlns%3D%22http%3A%2F%2Fwww.w3.org%2F2000%2Fsvg%22%20width%3D%22285%22%20height%3D%22300%22%20viewBox%3D%220%200%20285%20300%22%3E%3C%2Fsvg%3E\" loading=\"eager\"><\/span><span class=\"fg-image-overlay\"><\/span><\/a><figcaption class=\"fg-caption\"><div class=\"fg-caption-inner\"><div class=\"fg-caption-title\">1 - Boucle village<\/div><\/div><\/figcaption><\/figure><div class=\"fg-loader\"><\/div><\/div><div class=\"fg-item fg-type-iframe fg-idle\"><figure class=\"fg-item-inner\"><a href=\"https:\/\/drive.google.com\/open?id=1Seq5SYmmxsU4-dgLxfoLC7TwNjY&amp;usp=sharing\" target=\"_blank\" data-caption-title=\"2 - Boucle Roc de Ch\u00e8re\" data-attachment-id=\"1031\" data-type=\"iframe\" class=\"fg-thumb\"><span class=\"fg-image-wrap\"><img title=\"2 - Boucle Roc de Ch\u00e8re\" height=\"300\" width=\"291\" class=\"skip-lazy fg-image\" data-src-fg=\"https:\/\/cstalloires.com\/wp-content\/uploads\/cache\/2017\/06\/2-Classique-et-BesTof-Roc-de-Ch\u00e8re-e1498655589941\/-1669557058.jpg\" src=\"data:image\/svg+xml,%3Csvg%20xmlns%3D%22http%3A%2F%2Fwww.w3.org%2F2000%2Fsvg%22%20width%3D%22291%22%20height%3D%22300%22%20viewBox%3D%220%200%20291%20300%22%3E%3C%2Fsvg%3E\" loading=\"eager\"><\/span><span class=\"fg-image-overlay\"><\/span><\/a><figcaption class=\"fg-caption\"><div class=\"fg-caption-inner\"><div class=\"fg-caption-title\">2 - Boucle Roc de Ch\u00e8re<\/div><\/div><\/figcaption><\/figure><div class=\"fg-loader\"><\/div><\/div><div class=\"fg-item fg-type-iframe fg-idle\"><figure class=\"fg-item-inner\"><a href=\"https:\/\/drive.google.com\/open?id=1K_f_IVJwtjLcI7G9oS2RNAbtJog&amp;usp=sharing\" target=\"_blank\" data-caption-title=\"3 - Classique Angon\" data-attachment-id=\"1433\" data-type=\"iframe\" class=\"fg-thumb\"><span class=\"fg-image-wrap\"><img title=\"3 - Classique Angon\" height=\"300\" width=\"310\" class=\"skip-lazy fg-image\" data-src-fg=\"https:\/\/cstalloires.com\/wp-content\/uploads\/cache\/2017\/06\/3-Classique-Angon-e1511506727189\/-1827235682.jpg\" src=\"data:image\/svg+xml,%3Csvg%20xmlns%3D%22http%3A%2F%2Fwww.w3.org%2F2000%2Fsvg%22%20width%3D%22310%22%20height%3D%22300%22%20viewBox%3D%220%200%20310%20300%22%3E%3C%2Fsvg%3E\" loading=\"eager\"><\/span><span class=\"fg-image-overlay\"><\/span><\/a><figcaption class=\"fg-caption\"><div class=\"fg-caption-inner\"><div class=\"fg-caption-title\">3 - Classique Angon<\/div><\/div><\/figcaption><\/figure><div class=\"fg-loader\"><\/div><\/div><\/div>\n<\/p>\n<p>BesT\u00d4F &#8211; compos\u00e9 de 4 boucles &#8211; Run : 22000m &#8211; Nage : 2100m &#8211; D+ : 800m<br \/>\n<style type=\"text\/css\">\n#foogallery-gallery-1045.fg-justified .fg-item { margin-right: 1px; margin-bottom: 1px; }\n#foogallery-gallery-1045.fg-justified .fg-image { height: 150px; }<\/style>\n\t\t\t<div class=\"foogallery foogallery-container foogallery-justified foogallery-lightbox-foobox-free fg-justified fg-ready fg-light fg-loading-default fg-loaded-fade-in fg-hover-fade\" id=\"foogallery-gallery-1045\" data-foogallery=\"{&quot;item&quot;:{&quot;showCaptionTitle&quot;:true,&quot;showCaptionDescription&quot;:true},&quot;lazy&quot;:true,&quot;template&quot;:{&quot;rowHeight&quot;:150,&quot;maxRowHeight&quot;:300,&quot;margins&quot;:1,&quot;align&quot;:&quot;center&quot;,&quot;lastRow&quot;:&quot;smart&quot;}}\" style=\"--fg-title-line-clamp: 0; --fg-description-line-clamp: 0;\" >\n\t<div class=\"fg-item fg-type-iframe fg-idle\"><figure class=\"fg-item-inner\"><a href=\"https:\/\/drive.google.com\/open?id=1Lbgc0Xf5blmZtNpOZXVUIK2tfJg&amp;usp=sharing\" target=\"_blank\" data-caption-title=\"1 - Boucle village\" data-attachment-id=\"1030\" data-type=\"iframe\" class=\"fg-thumb\"><span class=\"fg-image-wrap\"><img title=\"1 - Boucle village\" height=\"300\" width=\"285\" class=\"skip-lazy fg-image\" data-src-fg=\"https:\/\/cstalloires.com\/wp-content\/uploads\/cache\/2017\/06\/1-Tous-parcours-Village-e1498655615729\/986030353.jpg\" src=\"data:image\/svg+xml,%3Csvg%20xmlns%3D%22http%3A%2F%2Fwww.w3.org%2F2000%2Fsvg%22%20width%3D%22285%22%20height%3D%22300%22%20viewBox%3D%220%200%20285%20300%22%3E%3C%2Fsvg%3E\" loading=\"eager\"><\/span><span class=\"fg-image-overlay\"><\/span><\/a><figcaption class=\"fg-caption\"><div class=\"fg-caption-inner\"><div class=\"fg-caption-title\">1 - Boucle village<\/div><\/div><\/figcaption><\/figure><div class=\"fg-loader\"><\/div><\/div><div class=\"fg-item fg-type-iframe fg-idle\"><figure class=\"fg-item-inner\"><a href=\"https:\/\/drive.google.com\/open?id=1Seq5SYmmxsU4-dgLxfoLC7TwNjY&amp;usp=sharing\" target=\"_blank\" data-caption-title=\"2 - Boucle Roc de Ch\u00e8re\" data-attachment-id=\"1031\" data-type=\"iframe\" class=\"fg-thumb\"><span class=\"fg-image-wrap\"><img title=\"2 - Boucle Roc de Ch\u00e8re\" height=\"300\" width=\"291\" class=\"skip-lazy fg-image\" data-src-fg=\"https:\/\/cstalloires.com\/wp-content\/uploads\/cache\/2017\/06\/2-Classique-et-BesTof-Roc-de-Ch\u00e8re-e1498655589941\/-13010806.jpg\" src=\"data:image\/svg+xml,%3Csvg%20xmlns%3D%22http%3A%2F%2Fwww.w3.org%2F2000%2Fsvg%22%20width%3D%22291%22%20height%3D%22300%22%20viewBox%3D%220%200%20291%20300%22%3E%3C%2Fsvg%3E\" loading=\"eager\"><\/span><span class=\"fg-image-overlay\"><\/span><\/a><figcaption class=\"fg-caption\"><div class=\"fg-caption-inner\"><div class=\"fg-caption-title\">2 - Boucle Roc de Ch\u00e8re<\/div><\/div><\/figcaption><\/figure><div class=\"fg-loader\"><\/div><\/div><div class=\"fg-item fg-type-iframe fg-idle\"><figure class=\"fg-item-inner\"><a href=\"https:\/\/drive.google.com\/open?id=1EUI1dpk38b9wz2OrPmIEtgQuKS8&amp;usp=sharing\" target=\"_blank\" data-caption-title=\"3 - Boucle Angon\" data-attachment-id=\"1051\" data-type=\"iframe\" class=\"fg-thumb\"><span class=\"fg-image-wrap\"><img title=\"3 - Boucle Angon\" height=\"300\" width=\"285\" class=\"skip-lazy fg-image\" data-src-fg=\"https:\/\/cstalloires.com\/wp-content\/uploads\/cache\/2017\/06\/3-BesTof-Angon-1-e1498655468371\/111088849.jpg\" src=\"data:image\/svg+xml,%3Csvg%20xmlns%3D%22http%3A%2F%2Fwww.w3.org%2F2000%2Fsvg%22%20width%3D%22285%22%20height%3D%22300%22%20viewBox%3D%220%200%20285%20300%22%3E%3C%2Fsvg%3E\" loading=\"eager\"><\/span><span class=\"fg-image-overlay\"><\/span><\/a><figcaption class=\"fg-caption\"><div class=\"fg-caption-inner\"><div class=\"fg-caption-title\">3 - Boucle Angon<\/div><\/div><\/figcaption><\/figure><div class=\"fg-loader\"><\/div><\/div><div class=\"fg-item fg-type-iframe fg-idle\"><figure class=\"fg-item-inner\"><a href=\"https:\/\/drive.google.com\/open?id=1GwXL_HuKJBPzortcSvrUkGmcjxw&amp;usp=sharing\" target=\"_blank\" data-caption-title=\"4 - Boucle Planfait\" data-attachment-id=\"1032\" data-type=\"iframe\" class=\"fg-thumb\"><span class=\"fg-image-wrap\"><img title=\"4 - Boucle Planfait\" height=\"300\" width=\"364\" class=\"skip-lazy fg-image\" data-src-fg=\"https:\/\/cstalloires.com\/wp-content\/uploads\/cache\/2017\/06\/4-BesTof-Planfait-e1511506831430\/-546410188.jpg\" src=\"data:image\/svg+xml,%3Csvg%20xmlns%3D%22http%3A%2F%2Fwww.w3.org%2F2000%2Fsvg%22%20width%3D%22364%22%20height%3D%22300%22%20viewBox%3D%220%200%20364%20300%22%3E%3C%2Fsvg%3E\" loading=\"eager\"><\/span><span class=\"fg-image-overlay\"><\/span><\/a><figcaption class=\"fg-caption\"><div class=\"fg-caption-inner\"><div class=\"fg-caption-title\">4 - Boucle Planfait<\/div><\/div><\/figcaption><\/figure><div class=\"fg-loader\"><\/div><\/div><\/div>\n <\/p>\n","protected":false},"excerpt":{"rendered":"<p>T\u00d4F D\u00e9couverte &#8211; compos\u00e9 de 3 boucles &#8211; Run : 6000m &#8211; Nage : 640m &#8211; D+ : 150m T\u00d4F Classique &#8211; compos\u00e9 de 3 boucles &#8211; Run : 11000m [&hellip;]<\/p>\n","protected":false},"author":1,"featured_media":1082,"parent":206,"menu_order":0,"comment_status":"closed","ping_status":"closed","template":"","meta":[],"acf":[],"_links":{"self":[{"href":"https:\/\/cstalloires.com\/index.php?rest_route=\/wp\/v2\/pages\/1027"}],"collection":[{"href":"https:\/\/cstalloires.com\/index.php?rest_route=\/wp\/v2\/pages"}],"about":[{"href":"https:\/\/cstalloires.com\/index.php?rest_route=\/wp\/v2\/types\/page"}],"author":[{"embeddable":true,"href":"https:\/\/cstalloires.com\/index.php?rest_route=\/wp\/v2\/users\/1"}],"replies":[{"embeddable":true,"href":"https:\/\/cstalloires.com\/index.php?rest_route=%2Fwp%2Fv2%2Fcomments&post=1027"}],"version-history":[{"count":14,"href":"https:\/\/cstalloires.com\/index.php?rest_route=\/wp\/v2\/pages\/1027\/revisions"}],"predecessor-version":[{"id":1086,"href":"https:\/\/cstalloires.com\/index.php?rest_route=\/wp\/v2\/pages\/1027\/revisions\/1086"}],"up":[{"embeddable":true,"href":"https:\/\/cstalloires.com\/index.php?rest_route=\/wp\/v2\/pages\/206"}],"wp:featuredmedia":[{"embeddable":true,"href":"https:\/\/cstalloires.com\/index.php?rest_route=\/wp\/v2\/media\/1082"}],"wp:attachment":[{"href":"https:\/\/cstalloires.com\/index.php?rest_route=%2Fwp%2Fv2%2Fmedia&parent=1027"}],"curies":[{"name":"wp","href":"https:\/\/api.w.org\/{rel}","templated":true}]}}