{"id":7302,"date":"2024-06-25T09:29:29","date_gmt":"2024-06-25T07:29:29","guid":{"rendered":"http:\/\/cstalloires.com\/?page_id=7302"},"modified":"2024-09-06T16:04:26","modified_gmt":"2024-09-06T14:04:26","slug":"parcours-et-infos","status":"publish","type":"page","link":"http:\/\/cstalloires.com\/?page_id=7302","title":{"rendered":"Parcours et infos"},"content":{"rendered":"<table style=\"width: 103.689%; border-collapse: collapse; height: 671px;\">\n<tbody>\n<tr style=\"height: 68px;\">\n<td style=\"width: 33.6597%; height: 68px;\">\n<p style=\"text-align: left;\"><strong>Inscription : 25 \u20ac<br \/>\n<\/strong><strong>Repas et remise des prix au Chalet de l&rsquo;aulp<br \/>\n<\/strong><\/p>\n<\/td>\n<td style=\"width: 22.4117%; height: 68px;\">\n<p style=\"text-align: center;\"><strong>\u00a0<\/strong><\/p>\n<\/td>\n<td style=\"width: 27.8614%; height: 68px;\">\n<p style=\"text-align: center;\"><strong>\u00a0<\/strong><\/p>\n<\/td>\n<\/tr>\n<tr style=\"height: 68px;\">\n<td style=\"width: 33.6597%; height: 68px;\">\n<p style=\"text-align: center;\"><strong>Le parcours<\/strong><\/p>\n<\/td>\n<td style=\"width: 22.4117%; height: 68px;\">\n<p style=\"text-align: center;\"><strong>La rando<\/strong><\/p>\n<\/td>\n<td style=\"width: 27.8614%; height: 68px;\">\n<p style=\"text-align: center;\"><strong>Le chrono<\/strong><\/p>\n<\/td>\n<\/tr>\n<tr style=\"height: 489px;\">\n<td style=\"width: 33.6597%; height: 489px;\">\n<ul>\n<li>D+ : <strong><span style=\"color: #000080;\">1910 m<\/span><\/strong><\/li>\n<li>Distance : <strong><span style=\"color: #000080;\">11,7 km<\/span><\/strong><\/li>\n<li>D\u00e9part de la plage du bourg de Talloires<\/li>\n<li>Direction cascade d&rsquo;Angon<\/li>\n<li>Pont des F\u00e9es<\/li>\n<li>Rovagny<\/li>\n<li>Bois de la Coche<\/li>\n<li>Chalet de l&rsquo;Aulp : <strong><span style=\"color: #000080;\">ravitaillement<\/span><\/strong><\/li>\n<li>Sentier r\u00e9am\u00e9nag\u00e9 jusqu&rsquo;au sommet<\/li>\n<li>Passage par le Casset<\/li>\n<li>Arriv\u00e9e au pied du Fauteuil<\/li>\n<\/ul>\n<\/td>\n<td style=\"width: 22.4117%; height: 489px;\">\n<ul>\n<li>RDV \u00e0 partir de <strong><span style=\"color: #000080;\">7h<\/span><\/strong> pour retirer les dossards<\/li>\n<li>D\u00e9part individuel entre <span style=\"color: #000080;\"><strong>7h00 et 8h<\/strong><\/span><\/li>\n<li>D\u00e9fi : arriver avant\u00a0 <strong><span style=\"color: #000080;\">12h30<\/span><\/strong>\u00a0 pour obtenir le\u00a0dipl\u00f4me de\u00a0Finisseur<\/li>\n<\/ul>\n<\/td>\n<td style=\"width: 27.8614%; height: 489px;\">\n<ul>\n<li>RDV \u00e0 partir de <span style=\"color: #000080;\"><strong>7h30<\/strong><\/span> pour retirer les dossards<\/li>\n<li>D\u00e9part group\u00e9 \u00e0 <strong><span style=\"color: #000080;\">8h30<\/span><\/strong><\/li>\n<li>Temps limite : <strong><span style=\"color: #000080;\">12h30 <\/span><\/strong>au sommet<\/li>\n<li>Les dipl\u00f4mes<br \/>\nDans la l\u00e9gende : <span style=\"color: #000080;\"><strong>\u2013 de 1h30<\/strong><\/span><br \/>\nTournette d\u2019or : <strong><span style=\"color: #000080;\">\u2013 de 1h45<\/span><\/strong><br \/>\nTournette d\u2019argent : <span style=\"color: #000080;\"><strong>\u2013 de 2h<\/strong><\/span><br \/>\nTournette de bronze : <span style=\"color: #000080;\"><strong>\u2013 de 2h30<\/strong><\/span><br \/>\nFinisseur : <span style=\"color: #000080;\"><strong>\u2013 de 4h<\/strong><\/span><\/li>\n<\/ul>\n<\/td>\n<\/tr>\n<tr style=\"height: 23px;\">\n<td style=\"width: 33.6597%; height: 23px;\"><a href=\"http:\/\/cstalloires.com\/wp-content\/uploads\/2022\/04\/plage-tournette-3d.jpg\"><img loading=\"lazy\" class=\"alignleft wp-image-6302 size-medium\" src=\"http:\/\/cstalloires.com\/wp-content\/uploads\/2022\/04\/plage-tournette-3d-300x224.jpg\" alt=\"\" width=\"300\" height=\"224\" srcset=\"http:\/\/cstalloires.com\/wp-content\/uploads\/2022\/04\/plage-tournette-3d-300x224.jpg 300w, http:\/\/cstalloires.com\/wp-content\/uploads\/2022\/04\/plage-tournette-3d-1024x766.jpg 1024w, http:\/\/cstalloires.com\/wp-content\/uploads\/2022\/04\/plage-tournette-3d-768x575.jpg 768w, http:\/\/cstalloires.com\/wp-content\/uploads\/2022\/04\/plage-tournette-3d-1536x1149.jpg 1536w, http:\/\/cstalloires.com\/wp-content\/uploads\/2022\/04\/plage-tournette-3d.jpg 1683w\" sizes=\"(max-width: 300px) 100vw, 300px\" \/><\/a><\/td>\n<td style=\"width: 22.4117%; height: 23px;\">\n<p style=\"text-align: center;\"><a href=\"http:\/\/cstalloires.com\/?page_id=676\"><img loading=\"lazy\" class=\"aligncenter wp-image-770 size-medium\" src=\"http:\/\/cstalloires.com\/wp-content\/uploads\/2017\/01\/sourires-300x169.jpg\" alt=\"\" width=\"300\" height=\"169\" \/><\/a><\/p>\n<p style=\"text-align: center;\"><a href=\"http:\/\/cstalloires.com\/?page_id=676\">Galerie des sourires<\/a><\/p>\n<\/td>\n<td style=\"width: 27.8614%; height: 23px;\" data-wp-editing=\"1\"><a href=\"http:\/\/cstalloires.com\/?page_id=531\"><img loading=\"lazy\" class=\"alignnone size-medium wp-image-5176\" src=\"http:\/\/cstalloires.com\/wp-content\/uploads\/2019\/09\/DSC03851_resultat-200x300.jpg\" alt=\"\" width=\"200\" height=\"300\" srcset=\"http:\/\/cstalloires.com\/wp-content\/uploads\/2019\/09\/DSC03851_resultat-200x300.jpg 200w, http:\/\/cstalloires.com\/wp-content\/uploads\/2019\/09\/DSC03851_resultat-768x1152.jpg 768w, http:\/\/cstalloires.com\/wp-content\/uploads\/2019\/09\/DSC03851_resultat-683x1024.jpg 683w, http:\/\/cstalloires.com\/wp-content\/uploads\/2019\/09\/DSC03851_resultat.jpg 2000w\" sizes=\"(max-width: 200px) 100vw, 200px\" \/><\/a><\/p>\n<p><a href=\"http:\/\/cstalloires.com\/?page_id=531\">Galerie des l\u00e9gendes<\/a><\/td>\n<\/tr>\n<tr style=\"height: 23px;\">\n<td style=\"width: 33.6597%; height: 23px;\"><\/td>\n<td style=\"width: 22.4117%; height: 23px;\"><\/td>\n<td style=\"width: 27.8614%; height: 23px;\"><\/td>\n<\/tr>\n<\/tbody>\n<\/table>\n","protected":false},"excerpt":{"rendered":"<p>Inscription : 25 \u20ac Repas et remise des prix au Chalet de l&rsquo;aulp \u00a0 \u00a0 Le parcours La rando Le chrono D+ : 1910 m Distance : 11,7 km D\u00e9part [&hellip;]<\/p>\n","protected":false},"author":1,"featured_media":6979,"parent":0,"menu_order":0,"comment_status":"closed","ping_status":"closed","template":"page-fullwidth.php","meta":[],"acf":[],"_links":{"self":[{"href":"http:\/\/cstalloires.com\/index.php?rest_route=\/wp\/v2\/pages\/7302"}],"collection":[{"href":"http:\/\/cstalloires.com\/index.php?rest_route=\/wp\/v2\/pages"}],"about":[{"href":"http:\/\/cstalloires.com\/index.php?rest_route=\/wp\/v2\/types\/page"}],"author":[{"embeddable":true,"href":"http:\/\/cstalloires.com\/index.php?rest_route=\/wp\/v2\/users\/1"}],"replies":[{"embeddable":true,"href":"http:\/\/cstalloires.com\/index.php?rest_route=%2Fwp%2Fv2%2Fcomments&post=7302"}],"version-history":[{"count":18,"href":"http:\/\/cstalloires.com\/index.php?rest_route=\/wp\/v2\/pages\/7302\/revisions"}],"predecessor-version":[{"id":7699,"href":"http:\/\/cstalloires.com\/index.php?rest_route=\/wp\/v2\/pages\/7302\/revisions\/7699"}],"wp:featuredmedia":[{"embeddable":true,"href":"http:\/\/cstalloires.com\/index.php?rest_route=\/wp\/v2\/media\/6979"}],"wp:attachment":[{"href":"http:\/\/cstalloires.com\/index.php?rest_route=%2Fwp%2Fv2%2Fmedia&parent=7302"}],"curies":[{"name":"wp","href":"https:\/\/api.w.org\/{rel}","templated":true}]}}