{"id":69,"date":"2016-10-29T09:22:02","date_gmt":"2016-10-29T07:22:02","guid":{"rendered":"http:\/\/cstalloires.com\/?page_id=69"},"modified":"2018-09-05T08:40:46","modified_gmt":"2018-09-05T06:40:46","slug":"edition-2016","status":"publish","type":"page","link":"http:\/\/cstalloires.com\/?page_id=69","title":{"rendered":"Edition 2016"},"content":{"rendered":"<p>&nbsp;<\/p>\n<style type=\"text\/css\">\n#foogallery-gallery-157 .fg-image { width: 150px; }\n#foogallery-gallery-157 { --fg-gutter: 10px; }<\/style>\n\t\t\t<div class=\"foogallery foogallery-container foogallery-default foogallery-lightbox-foobox-free fg-left fg-default fg-ready fg-light fg-round-small fg-loading-default fg-loaded-fade-in fg-caption-hover fg-hover-fade\" id=\"foogallery-gallery-157\" data-foogallery=\"{&quot;item&quot;:{&quot;showCaptionTitle&quot;:true,&quot;showCaptionDescription&quot;:false},&quot;lazy&quot;:true}\" style=\"--fg-title-line-clamp: 0; --fg-description-line-clamp: 0;\" >\n\t<div class=\"fg-item fg-type-image fg-idle\"><figure class=\"fg-item-inner\"><a href=\"http:\/\/cstalloires.com\/wp-content\/uploads\/2016\/10\/IMG_4151-e1477911977890.jpg\" data-caption-title=\"Podium hommes\" data-attachment-id=\"153\" data-type=\"image\" class=\"fg-thumb\"><span class=\"fg-image-wrap\"><img title=\"Podium hommes\" width=\"150\" height=\"150\" class=\"skip-lazy fg-image\" data-src-fg=\"http:\/\/cstalloires.com\/wp-content\/uploads\/cache\/2016\/10\/IMG_4151-e1477911977890\/-302591401.jpg\" src=\"data:image\/svg+xml,%3Csvg%20xmlns%3D%22http%3A%2F%2Fwww.w3.org%2F2000%2Fsvg%22%20width%3D%22150%22%20height%3D%22150%22%20viewBox%3D%220%200%20150%20150%22%3E%3C%2Fsvg%3E\" loading=\"eager\"><\/span><span class=\"fg-image-overlay\"><\/span><\/a><figcaption class=\"fg-caption\"><div class=\"fg-caption-inner\"><div class=\"fg-caption-title\">Podium hommes<\/div><\/div><\/figcaption><\/figure><div class=\"fg-loader\"><\/div><\/div><div class=\"fg-item fg-type-image fg-idle\"><figure class=\"fg-item-inner\"><a href=\"http:\/\/cstalloires.com\/wp-content\/uploads\/2016\/10\/IMG_4234.jpg\" data-caption-title=\"Podium femmes\" data-attachment-id=\"158\" data-type=\"image\" class=\"fg-thumb\"><span class=\"fg-image-wrap\"><img title=\"Podium femmes\" width=\"150\" height=\"150\" class=\"skip-lazy fg-image\" data-src-fg=\"http:\/\/cstalloires.com\/wp-content\/uploads\/cache\/2016\/10\/IMG_4234\/-399415079.jpg\" src=\"data:image\/svg+xml,%3Csvg%20xmlns%3D%22http%3A%2F%2Fwww.w3.org%2F2000%2Fsvg%22%20width%3D%22150%22%20height%3D%22150%22%20viewBox%3D%220%200%20150%20150%22%3E%3C%2Fsvg%3E\" loading=\"eager\"><\/span><span class=\"fg-image-overlay\"><\/span><\/a><figcaption class=\"fg-caption\"><div class=\"fg-caption-inner\"><div class=\"fg-caption-title\">Podium femmes<\/div><\/div><\/figcaption><\/figure><div class=\"fg-loader\"><\/div><\/div><div class=\"fg-item fg-type-image fg-idle\"><figure class=\"fg-item-inner\"><a href=\"http:\/\/cstalloires.com\/wp-content\/uploads\/2016\/10\/IMG_4460.jpg\" target=\"_blank\" data-caption-title=\"Podium\" data-attachment-id=\"160\" data-type=\"image\" class=\"fg-thumb\"><span class=\"fg-image-wrap\"><img title=\"Podium\" width=\"150\" height=\"150\" class=\"skip-lazy fg-image\" data-src-fg=\"http:\/\/cstalloires.com\/wp-content\/uploads\/cache\/2016\/10\/IMG_4460\/-317489356.jpg\" src=\"data:image\/svg+xml,%3Csvg%20xmlns%3D%22http%3A%2F%2Fwww.w3.org%2F2000%2Fsvg%22%20width%3D%22150%22%20height%3D%22150%22%20viewBox%3D%220%200%20150%20150%22%3E%3C%2Fsvg%3E\" loading=\"eager\"><\/span><span class=\"fg-image-overlay\"><\/span><\/a><figcaption class=\"fg-caption\"><div class=\"fg-caption-inner\"><div class=\"fg-caption-title\">Podium<\/div><\/div><\/figcaption><\/figure><div class=\"fg-loader\"><\/div><\/div><div class=\"fg-item fg-type-iframe fg-idle\"><figure class=\"fg-item-inner\"><a href=\"https:\/\/www.dropbox.com\/sh\/jc3t2v4s4o72lle\/AAA51h60n8Kfx1gVAa9H05Rva?dl=0\" target=\"_blank\" data-caption-title=\"Album des arriv\u00e9es\" data-attachment-id=\"634\" data-type=\"iframe\" class=\"fg-thumb\"><span class=\"fg-image-wrap\"><img title=\"Album des arriv\u00e9es\" width=\"150\" height=\"150\" class=\"skip-lazy fg-image\" data-src-fg=\"http:\/\/cstalloires.com\/wp-content\/uploads\/cache\/2016\/10\/IMG_4137-1\/1276460242.jpg\" src=\"data:image\/svg+xml,%3Csvg%20xmlns%3D%22http%3A%2F%2Fwww.w3.org%2F2000%2Fsvg%22%20width%3D%22150%22%20height%3D%22150%22%20viewBox%3D%220%200%20150%20150%22%3E%3C%2Fsvg%3E\" loading=\"eager\"><\/span><span class=\"fg-image-overlay\"><\/span><\/a><figcaption class=\"fg-caption\"><div class=\"fg-caption-inner\"><div class=\"fg-caption-title\">Album des arriv\u00e9es<\/div><\/div><\/figcaption><\/figure><div class=\"fg-loader\"><\/div><\/div><\/div>\n\n<h2>\u00a0<a href=\"http:\/\/cstalloires.com\/wp-content\/uploads\/2016\/11\/resultatstournette_2016.pdf\" target=\"_blank\" rel=\"noopener\">R\u00e9sultats 2016<\/a><\/h2>\n<div style=\"background-color: #9a9e9d;\" align=\"center\">\n<h5>Passage de G\u00e9d\u00e9on au ravitaillement du chalet de l&rsquo;Aulp<\/h5>\n<div style=\"width: 400px;\" class=\"wp-video\"><!--[if lt IE 9]><script>document.createElement('video');<\/script><![endif]-->\n<video class=\"wp-video-shortcode\" id=\"video-69-1\" width=\"400\" height=\"220\" preload=\"metadata\" controls=\"controls\"><source type=\"video\/mp4\" src=\"http:\/\/cstalloires.com\/wp-content\/uploads\/2016\/11\/Ged-au-Chalet-de-lAulp.mp4?_=1\" \/><a href=\"http:\/\/cstalloires.com\/wp-content\/uploads\/2016\/11\/Ged-au-Chalet-de-lAulp.mp4\">http:\/\/cstalloires.com\/wp-content\/uploads\/2016\/11\/Ged-au-Chalet-de-lAulp.mp4<\/a><\/video><\/div>\n<p>&nbsp;<\/p>\n<\/div>\n","protected":false},"excerpt":{"rendered":"<p>&nbsp; \u00a0R\u00e9sultats 2016 Passage de G\u00e9d\u00e9on au ravitaillement du chalet de l&rsquo;Aulp &nbsp;<\/p>\n","protected":false},"author":1,"featured_media":160,"parent":39,"menu_order":0,"comment_status":"closed","ping_status":"closed","template":"page-fullwidth.php","meta":[],"acf":[],"_links":{"self":[{"href":"http:\/\/cstalloires.com\/index.php?rest_route=\/wp\/v2\/pages\/69"}],"collection":[{"href":"http:\/\/cstalloires.com\/index.php?rest_route=\/wp\/v2\/pages"}],"about":[{"href":"http:\/\/cstalloires.com\/index.php?rest_route=\/wp\/v2\/types\/page"}],"author":[{"embeddable":true,"href":"http:\/\/cstalloires.com\/index.php?rest_route=\/wp\/v2\/users\/1"}],"replies":[{"embeddable":true,"href":"http:\/\/cstalloires.com\/index.php?rest_route=%2Fwp%2Fv2%2Fcomments&post=69"}],"version-history":[{"count":36,"href":"http:\/\/cstalloires.com\/index.php?rest_route=\/wp\/v2\/pages\/69\/revisions"}],"predecessor-version":[{"id":4051,"href":"http:\/\/cstalloires.com\/index.php?rest_route=\/wp\/v2\/pages\/69\/revisions\/4051"}],"up":[{"embeddable":true,"href":"http:\/\/cstalloires.com\/index.php?rest_route=\/wp\/v2\/pages\/39"}],"wp:featuredmedia":[{"embeddable":true,"href":"http:\/\/cstalloires.com\/index.php?rest_route=\/wp\/v2\/media\/160"}],"wp:attachment":[{"href":"http:\/\/cstalloires.com\/index.php?rest_route=%2Fwp%2Fv2%2Fmedia&parent=69"}],"curies":[{"name":"wp","href":"https:\/\/api.w.org\/{rel}","templated":true}]}}