{"id":5725,"date":"2020-10-06T08:28:08","date_gmt":"2020-10-06T06:28:08","guid":{"rendered":"http:\/\/cstalloires.com\/?page_id=5725"},"modified":"2022-09-14T18:48:23","modified_gmt":"2022-09-14T16:48:23","slug":"tof-2020","status":"publish","type":"page","link":"http:\/\/cstalloires.com\/?page_id=5725","title":{"rendered":"T\u00d4F 2020"},"content":{"rendered":"<style type=\"text\/css\">\n#foogallery-gallery-5731 .fg-image { width: 150px; }\n#foogallery-gallery-5731 { --fg-gutter: 10px; }<\/style>\n\t\t\t<div class=\"foogallery foogallery-container foogallery-default foogallery-lightbox-foobox fg-center fg-default fg-ready fg-light fg-border-thin fg-shadow-outline fg-loading-default fg-loaded-fade-in fg-caption-hover fg-hover-fade fg-hover-zoom\" id=\"foogallery-gallery-5731\" data-foogallery=\"{&quot;item&quot;:{&quot;showCaptionTitle&quot;:true,&quot;showCaptionDescription&quot;:true},&quot;lazy&quot;:true}\" style=\"--fg-title-line-clamp: 0; --fg-description-line-clamp: 0;\" >\n\t<div class=\"fg-item fg-type-image fg-idle\"><figure class=\"fg-item-inner\"><a href=\"http:\/\/cstalloires.com\/wp-content\/uploads\/2020\/10\/20200920_120236_HDR-scaled.jpg\" data-caption-title=\"1 \u00e8re \u00e9quipe f\u00e9minine\" data-attachment-id=\"5734\" data-type=\"image\" class=\"fg-thumb\"><span class=\"fg-image-wrap\"><img alt=\"1 \u00e8re \u00e9quipe f\u00e9minine\" title=\"1 \u00e8re \u00e9quipe f\u00e9minine\" width=\"150\" height=\"150\" class=\"skip-lazy fg-image\" data-src-fg=\"http:\/\/cstalloires.com\/wp-content\/uploads\/cache\/2020\/10\/20200920_120236_HDR-scaled\/-581146712.jpg\" src=\"data:image\/svg+xml,%3Csvg%20xmlns%3D%22http%3A%2F%2Fwww.w3.org%2F2000%2Fsvg%22%20width%3D%22150%22%20height%3D%22150%22%20viewBox%3D%220%200%20150%20150%22%3E%3C%2Fsvg%3E\" loading=\"eager\"><\/span><span class=\"fg-image-overlay\"><\/span><\/a><figcaption class=\"fg-caption\"><div class=\"fg-caption-inner\"><div class=\"fg-caption-title\">1 \u00e8re \u00e9quipe f\u00e9minine<\/div><\/div><\/figcaption><\/figure><div class=\"fg-loader\"><\/div><\/div><div class=\"fg-item fg-type-image fg-idle\"><figure class=\"fg-item-inner\"><a href=\"http:\/\/cstalloires.com\/wp-content\/uploads\/2020\/10\/IMG-20200922-WA0005.jpg\" data-caption-title=\"Podium \u00e9quipes mixtes\" data-attachment-id=\"5732\" data-type=\"image\" class=\"fg-thumb\"><span class=\"fg-image-wrap\"><img alt=\"Podium \u00e9quipes mixtes\" title=\"Podium \u00e9quipes mixtes\" width=\"150\" height=\"150\" class=\"skip-lazy fg-image\" data-src-fg=\"http:\/\/cstalloires.com\/wp-content\/uploads\/cache\/2020\/10\/IMG-20200922-WA0005\/1671069359.jpg\" src=\"data:image\/svg+xml,%3Csvg%20xmlns%3D%22http%3A%2F%2Fwww.w3.org%2F2000%2Fsvg%22%20width%3D%22150%22%20height%3D%22150%22%20viewBox%3D%220%200%20150%20150%22%3E%3C%2Fsvg%3E\" loading=\"eager\"><\/span><span class=\"fg-image-overlay\"><\/span><\/a><figcaption class=\"fg-caption\"><div class=\"fg-caption-inner\"><div class=\"fg-caption-title\">Podium \u00e9quipes mixtes<\/div><\/div><\/figcaption><\/figure><div class=\"fg-loader\"><\/div><\/div><div class=\"fg-item fg-type-image fg-idle\"><figure class=\"fg-item-inner\"><a href=\"http:\/\/cstalloires.com\/wp-content\/uploads\/2020\/10\/20200920_120930_HDR-scaled.jpg\" data-caption-title=\"Les juniors\" data-attachment-id=\"5733\" data-type=\"image\" class=\"fg-thumb\"><span class=\"fg-image-wrap\"><img alt=\"Les juniors\" title=\"Les juniors\" width=\"150\" height=\"150\" class=\"skip-lazy fg-image\" data-src-fg=\"http:\/\/cstalloires.com\/wp-content\/uploads\/cache\/2020\/10\/20200920_120930_HDR-scaled\/1793682352.jpg\" src=\"data:image\/svg+xml,%3Csvg%20xmlns%3D%22http%3A%2F%2Fwww.w3.org%2F2000%2Fsvg%22%20width%3D%22150%22%20height%3D%22150%22%20viewBox%3D%220%200%20150%20150%22%3E%3C%2Fsvg%3E\" loading=\"eager\"><\/span><span class=\"fg-image-overlay\"><\/span><\/a><figcaption class=\"fg-caption\"><div class=\"fg-caption-inner\"><div class=\"fg-caption-title\">Les juniors<\/div><\/div><\/figcaption><\/figure><div class=\"fg-loader\"><\/div><\/div><\/div>\n\n\n<p>\u00a0<\/p>\n<table style=\"border-collapse: collapse; width: 90.7586%;\">\n<tbody>\n<tr>\n<td style=\"width: 37.2414%;\">\n<figure id=\"attachment_5658\" aria-describedby=\"caption-attachment-5658\" style=\"width: 208px\" class=\"wp-caption alignnone\"><a href=\"http:\/\/cstalloires.com\/wp-content\/uploads\/2020\/10\/ResultatsTOF2020-scaled.jpg\"><img loading=\"lazy\" class=\"wp-image-5658 size-medium\" src=\"http:\/\/cstalloires.com\/wp-content\/uploads\/2020\/09\/Logo-res-2020-208x300.jpg\" alt=\"\" width=\"208\" height=\"300\" srcset=\"http:\/\/cstalloires.com\/wp-content\/uploads\/2020\/09\/Logo-res-2020-208x300.jpg 208w, http:\/\/cstalloires.com\/wp-content\/uploads\/2020\/09\/Logo-res-2020.jpg 299w\" sizes=\"(max-width: 208px) 100vw, 208px\" \/><\/a><figcaption id=\"caption-attachment-5658\" class=\"wp-caption-text\">Les r\u00e9sultats<\/figcaption><\/figure>\n<\/td>\n<td style=\"width: 53.6207%;\">\n<figure id=\"attachment_5712\" aria-describedby=\"caption-attachment-5712\" style=\"width: 300px\" class=\"wp-caption alignnone\"><a href=\"https:\/\/photos.app.goo.gl\/XVgVTcvYwxFGykrJ8\"><img loading=\"lazy\" class=\"wp-image-5712 size-medium\" src=\"http:\/\/cstalloires.com\/wp-content\/uploads\/2020\/10\/20200920_124106_HDR-300x225.jpg\" alt=\"\" width=\"300\" height=\"225\" srcset=\"http:\/\/cstalloires.com\/wp-content\/uploads\/2020\/10\/20200920_124106_HDR-300x225.jpg 300w, http:\/\/cstalloires.com\/wp-content\/uploads\/2020\/10\/20200920_124106_HDR-1024x768.jpg 1024w, http:\/\/cstalloires.com\/wp-content\/uploads\/2020\/10\/20200920_124106_HDR-768x576.jpg 768w, http:\/\/cstalloires.com\/wp-content\/uploads\/2020\/10\/20200920_124106_HDR-1536x1152.jpg 1536w, http:\/\/cstalloires.com\/wp-content\/uploads\/2020\/10\/20200920_124106_HDR-2048x1536.jpg 2048w\" sizes=\"(max-width: 300px) 100vw, 300px\" \/><\/a><figcaption id=\"caption-attachment-5712\" class=\"wp-caption-text\"><a href=\"https:\/\/photos.app.goo.gl\/XVgVTcvYwxFGykrJ8\">Toutes les photos<\/a><\/figcaption><\/figure>\n<\/td>\n<\/tr>\n<\/tbody>\n<\/table>\n<p>\u00a0<\/p>\n\n","protected":false},"excerpt":{"rendered":"<p>\u00a0 \u00a0<\/p>\n","protected":false},"author":1,"featured_media":5759,"parent":206,"menu_order":0,"comment_status":"closed","ping_status":"closed","template":"page-fullwidth.php","meta":[],"acf":[],"_links":{"self":[{"href":"http:\/\/cstalloires.com\/index.php?rest_route=\/wp\/v2\/pages\/5725"}],"collection":[{"href":"http:\/\/cstalloires.com\/index.php?rest_route=\/wp\/v2\/pages"}],"about":[{"href":"http:\/\/cstalloires.com\/index.php?rest_route=\/wp\/v2\/types\/page"}],"author":[{"embeddable":true,"href":"http:\/\/cstalloires.com\/index.php?rest_route=\/wp\/v2\/users\/1"}],"replies":[{"embeddable":true,"href":"http:\/\/cstalloires.com\/index.php?rest_route=%2Fwp%2Fv2%2Fcomments&post=5725"}],"version-history":[{"count":22,"href":"http:\/\/cstalloires.com\/index.php?rest_route=\/wp\/v2\/pages\/5725\/revisions"}],"predecessor-version":[{"id":6547,"href":"http:\/\/cstalloires.com\/index.php?rest_route=\/wp\/v2\/pages\/5725\/revisions\/6547"}],"up":[{"embeddable":true,"href":"http:\/\/cstalloires.com\/index.php?rest_route=\/wp\/v2\/pages\/206"}],"wp:featuredmedia":[{"embeddable":true,"href":"http:\/\/cstalloires.com\/index.php?rest_route=\/wp\/v2\/media\/5759"}],"wp:attachment":[{"href":"http:\/\/cstalloires.com\/index.php?rest_route=%2Fwp%2Fv2%2Fmedia&parent=5725"}],"curies":[{"name":"wp","href":"https:\/\/api.w.org\/{rel}","templated":true}]}}